{"id":68,"date":"2025-06-06T15:03:46","date_gmt":"2025-06-06T15:03:46","guid":{"rendered":"https:\/\/einfachmonaa.ch\/?page_id=68"},"modified":"2025-10-24T16:16:25","modified_gmt":"2025-10-24T16:16:25","slug":"ueber-mich","status":"publish","type":"page","link":"https:\/\/einfachmonaa.ch\/?page_id=68","title":{"rendered":"\u00dcber mich"},"content":{"rendered":"\t\t<div data-elementor-type=\"wp-page\" data-elementor-id=\"68\" class=\"elementor elementor-68\">\n\t\t\t\t<div class=\"elementor-element elementor-element-0761e26 e-flex e-con-boxed e-con e-parent\" data-id=\"0761e26\" data-element_type=\"container\">\n\t\t\t\t\t<div class=\"e-con-inner\">\n\t\t\t\t\t<\/div>\n\t\t\t\t<\/div>\n\t\t<div class=\"elementor-element elementor-element-a539498 e-flex e-con-boxed e-con e-parent\" data-id=\"a539498\" data-element_type=\"container\">\n\t\t\t\t\t<div class=\"e-con-inner\">\n\t\t<div class=\"elementor-element elementor-element-02767ac e-con-full e-flex e-con e-child\" data-id=\"02767ac\" data-element_type=\"container\">\n\t\t\t\t<div class=\"elementor-element elementor-element-40622a2 elementor-widget elementor-widget-image\" data-id=\"40622a2\" data-element_type=\"widget\" data-widget_type=\"image.default\">\n\t\t\t\t<div class=\"elementor-widget-container\">\n\t\t\t\t\t\t\t\t\t\t\t\t\t\t\t<img fetchpriority=\"high\" decoding=\"async\" width=\"577\" height=\"1024\" src=\"https:\/\/einfachmonaa.ch\/wp-content\/uploads\/2025\/06\/NEU_Mona-577x1024.png\" class=\"attachment-large size-large wp-image-60\" alt=\"\" srcset=\"https:\/\/einfachmonaa.ch\/wp-content\/uploads\/2025\/06\/NEU_Mona-577x1024.png 577w, https:\/\/einfachmonaa.ch\/wp-content\/uploads\/2025\/06\/NEU_Mona-169x300.png 169w, https:\/\/einfachmonaa.ch\/wp-content\/uploads\/2025\/06\/NEU_Mona-768x1362.png 768w, https:\/\/einfachmonaa.ch\/wp-content\/uploads\/2025\/06\/NEU_Mona-866x1536.png 866w, https:\/\/einfachmonaa.ch\/wp-content\/uploads\/2025\/06\/NEU_Mona-1155x2048.png 1155w, https:\/\/einfachmonaa.ch\/wp-content\/uploads\/2025\/06\/NEU_Mona.png 1179w\" sizes=\"(max-width: 577px) 100vw, 577px\" \/>\t\t\t\t\t\t\t\t\t\t\t\t\t\t\t<\/div>\n\t\t\t\t<\/div>\n\t\t\t\t<\/div>\n\t\t<div class=\"elementor-element elementor-element-02518b4 e-con-full e-flex e-con e-child\" data-id=\"02518b4\" data-element_type=\"container\">\n\t\t\t\t<div class=\"elementor-element elementor-element-ae70ab5 elementor-widget elementor-widget-heading\" data-id=\"ae70ab5\" data-element_type=\"widget\" data-widget_type=\"heading.default\">\n\t\t\t\t<div class=\"elementor-widget-container\">\n\t\t\t\t\t<h2 class=\"elementor-heading-title elementor-size-default\">So sch\u00f6n bist du da!  \ud83d\ude42<\/h2>\t\t\t\t<\/div>\n\t\t\t\t<\/div>\n\t\t\t\t<div class=\"elementor-element elementor-element-c560ca8 elementor-widget elementor-widget-text-editor\" data-id=\"c560ca8\" data-element_type=\"widget\" data-widget_type=\"text-editor.default\">\n\t\t\t\t<div class=\"elementor-widget-container\">\n\t\t\t\t\t\t\t\t\t<p>\u00a0<\/p><p>Ich bin Ramona \u2013 oder wie mich meine Freunde nennen: <span style=\"color: #b29146;\"><strong>Einfach Mona<\/strong><\/span><\/p><p>Seit meinem Abschluss arbeite ich mit viel Herzblut als Gruppenleiterin in einer Kita. Gemeinsam mit meiner Schwester habe ich zudem ein kleines Handmade-Label f\u00fcr liebevoll gefertigte Babykleidung und Accessoires gegr\u00fcndet.<\/p><p>Meine grosse Leidenschaft gilt der <span style=\"color: #b29146;\"><strong>Natur in all ihren Facetten<\/strong><\/span>. Auf meinem Balkon wachsen Kr\u00e4uter, Gem\u00fcse und viele Beeren \u2013 und mit ihnen meine Liebe zu nat\u00fcrlichen Helferchen, die K\u00f6rper, Geist und Seele auf sanfte Weise unterst\u00fctzen: die <span style=\"color: #b29146;\"><strong>\u00e4therischen \u00d6le<\/strong><\/span>.<\/p><p>Kennengelernt habe ich sie durch eine Kollegin \u2013 in einer Zeit, in der ich kaum zur Ruhe kam und schlecht einschlief. So fand das <span style=\"color: #b29146;\"><strong>Lavendel\u00f6l<\/strong><\/span> seinen Weg zu mir und wurde schnell zu meinem treuen Begleiter. Nach und nach durfte ich weitere \u00d6le und Produkte entdecken, die mich in meinem Alltag st\u00e4rken, begleiten und einfach guttun.<\/p><p>Heute bin ich mit voller \u00dcberzeugung als <span style=\"color: #b29146;\"><strong>Beraterin f\u00fcr \u00e4therische \u00d6le<\/strong><\/span> t\u00e4tig \u2013 weil ich dir zeigen m\u00f6chte, <span style=\"color: #b29146;\"><strong>wie du dich, deine Familie oder auch weitere Menschen wie (dein Team, deine Freunde, etc) mit nat\u00fcrlichen Begleitern unterst\u00fctzen kannst<\/strong><\/span>, um gesund, ausgeglichen und kraftvoll durch den Alltag zu gehen.<\/p><p>Habe ich dein Interesse geweckt?<br \/>M\u00f6chtest du mehr erfahren?<\/p><p>Dann <span style=\"color: #b29146;\"><strong>st\u00f6bere gerne durch meine Website<\/strong><\/span> oder melde dich ganz unverbindlich \u00fcber die <a href=\"https:\/\/einfachmonaa.ch\/?page_id=195\" target=\"_blank\" rel=\"noopener\"><span style=\"color: #b29146;\"><strong>Kontaktseite<\/strong><\/span><\/a>\u00a0bei mir \u2013 f\u00fcr einen Austausch via WhatsApp, E-Mail, Zoom oder pers\u00f6nlich \u2013 ganz so, wie es f\u00fcr dich stimmt. Ich freue mich, dich kennenzulernen und dich ein St\u00fcck auf deinem Weg zu begleiten. \ud83d\udc9a<\/p>\t\t\t\t\t\t\t\t<\/div>\n\t\t\t\t<\/div>\n\t\t\t\t<\/div>\n\t\t\t\t\t<\/div>\n\t\t\t\t<\/div>\n\t\t<div class=\"elementor-element elementor-element-784cb83 e-flex e-con-boxed e-con e-parent\" data-id=\"784cb83\" data-element_type=\"container\">\n\t\t\t\t\t<div class=\"e-con-inner\">\n\t\t\t\t\t<\/div>\n\t\t\t\t<\/div>\n\t\t\t\t<\/div>\n\t\t","protected":false},"excerpt":{"rendered":"<p>So sch\u00f6n bist du da! \ud83d\ude42 \u00a0 Ich bin Ramona \u2013 oder wie mich meine Freunde nennen: Einfach Mona Seit [&hellip;]<\/p>\n","protected":false},"author":1,"featured_media":0,"parent":0,"menu_order":0,"comment_status":"closed","ping_status":"closed","template":"","meta":{"site-sidebar-layout":"no-sidebar","site-content-layout":"","ast-site-content-layout":"full-width-container","site-content-style":"default","site-sidebar-style":"default","ast-global-header-display":"","ast-banner-title-visibility":"","ast-main-header-display":"","ast-hfb-above-header-display":"","ast-hfb-below-header-display":"","ast-hfb-mobile-header-display":"","site-post-title":"disabled","ast-breadcrumbs-content":"","ast-featured-img":"disabled","footer-sml-layout":"","theme-transparent-header-meta":"default","adv-header-id-meta":"","stick-header-meta":"","header-above-stick-meta":"","header-main-stick-meta":"","header-below-stick-meta":"","astra-migrate-meta-layouts":"default","ast-page-background-enabled":"default","ast-page-background-meta":{"desktop":{"background-color":"var(--ast-global-color-5)","background-image":"","background-repeat":"repeat","background-position":"center center","background-size":"auto","background-attachment":"scroll","background-type":"","background-media":"","overlay-type":"","overlay-color":"","overlay-opacity":"","overlay-gradient":""},"tablet":{"background-color":"","background-image":"","background-repeat":"repeat","background-position":"center center","background-size":"auto","background-attachment":"scroll","background-type":"","background-media":"","overlay-type":"","overlay-color":"","overlay-opacity":"","overlay-gradient":""},"mobile":{"background-color":"","background-image":"","background-repeat":"repeat","background-position":"center center","background-size":"auto","background-attachment":"scroll","background-type":"","background-media":"","overlay-type":"","overlay-color":"","overlay-opacity":"","overlay-gradient":""}},"ast-content-background-meta":{"desktop":{"background-color":"var(--ast-global-color-4)","background-image":"","background-repeat":"repeat","background-position":"center center","background-size":"auto","background-attachment":"scroll","background-type":"","background-media":"","overlay-type":"","overlay-color":"","overlay-opacity":"","overlay-gradient":""},"tablet":{"background-color":"var(--ast-global-color-4)","background-image":"","background-repeat":"repeat","background-position":"center center","background-size":"auto","background-attachment":"scroll","background-type":"","background-media":"","overlay-type":"","overlay-color":"","overlay-opacity":"","overlay-gradient":""},"mobile":{"background-color":"var(--ast-global-color-4)","background-image":"","background-repeat":"repeat","background-position":"center center","background-size":"auto","background-attachment":"scroll","background-type":"","background-media":"","overlay-type":"","overlay-color":"","overlay-opacity":"","overlay-gradient":""}},"footnotes":""},"class_list":["post-68","page","type-page","status-publish","hentry"],"_links":{"self":[{"href":"https:\/\/einfachmonaa.ch\/index.php?rest_route=\/wp\/v2\/pages\/68","targetHints":{"allow":["GET"]}}],"collection":[{"href":"https:\/\/einfachmonaa.ch\/index.php?rest_route=\/wp\/v2\/pages"}],"about":[{"href":"https:\/\/einfachmonaa.ch\/index.php?rest_route=\/wp\/v2\/types\/page"}],"author":[{"embeddable":true,"href":"https:\/\/einfachmonaa.ch\/index.php?rest_route=\/wp\/v2\/users\/1"}],"replies":[{"embeddable":true,"href":"https:\/\/einfachmonaa.ch\/index.php?rest_route=%2Fwp%2Fv2%2Fcomments&post=68"}],"version-history":[{"count":25,"href":"https:\/\/einfachmonaa.ch\/index.php?rest_route=\/wp\/v2\/pages\/68\/revisions"}],"predecessor-version":[{"id":221,"href":"https:\/\/einfachmonaa.ch\/index.php?rest_route=\/wp\/v2\/pages\/68\/revisions\/221"}],"wp:attachment":[{"href":"https:\/\/einfachmonaa.ch\/index.php?rest_route=%2Fwp%2Fv2%2Fmedia&parent=68"}],"curies":[{"name":"wp","href":"https:\/\/api.w.org\/{rel}","templated":true}]}}